{"id":13751,"date":"2024-12-10T21:42:53","date_gmt":"2024-12-10T20:42:53","guid":{"rendered":"https:\/\/lacervesera.net\/?post_type=product&#038;p=13751"},"modified":"2026-03-05T14:12:43","modified_gmt":"2026-03-05T13:12:43","slug":"vale-regalo-experiencia-gourmet","status":"publish","type":"product","link":"https:\/\/lacervesera.net\/es\/producto\/vale-regalo-experiencia-gourmet\/","title":{"rendered":"Vale regalo experiencia gourmet"},"content":{"rendered":"","protected":false},"excerpt":{"rendered":"<p>Sorprende con una experiencia \u00fanica, donde la gastronom\u00eda se encuentra con una de las mejores cervezas artesanales del mundo: Beer Nostrum, la \u00fanica Imperial Oyster Stout madurada bajo las aguas del Mediterr\u00e1neo.<\/p>\n<p><span style=\"color: #b3b721;\"><b>Regalar\u00e1s:<\/b><\/span><\/p>\n<ul>\n<li><strong>Una visita a la f\u00e1brica con nuestro maestro cervecero<\/strong>, para conocer de cerca el proceso de elaboraci\u00f3n de nuestra cerveza artesana.<\/li>\n<li><strong>Una degustaci\u00f3n de 6 cervezas de elaboraci\u00f3n propia,<\/strong> con<strong> Beer Nostrum <\/strong>como gran protagonista, <strong>maridadas con 6 platos<\/strong>, incluyendo un delicioso postre para completar la experiencia.<\/li>\n<\/ul>\n<p><b><span style=\"color: #b3b721;\">Lugar: <\/span><\/b>La Cervesera Artesana (C\/ Sant Agust\u00ed, 14, Gr\u00e0cia, Barcelona).<br \/>\n<b><span style=\"color: #b3b721;\">Horario: <\/span><\/b>viernes y s\u00e1bados a las 19:00h.<br \/>\n<span style=\"color: #b3b721;\"><b>N\u00famero de personas: <\/b><\/span> m\u00faltiplos de 2 (2-8 personas por turno).<br \/>\n<span style=\"color: #b3b721;\"><b>Duraci\u00f3n: <\/b><\/span>de 120 a 150 minutos.<br \/>\n<b><\/b><\/p>\n<p><span style=\"color: #b3b721;\"><b>F\u00e1cil, flexible y personalizable:<\/b><\/span><\/p>\n<ul>\n<li>El destinatario recibir\u00e1 un vale regalo con un c\u00f3digo \u00fanico.<\/li>\n<li>S\u00f3lo tendr\u00e1 que reservar la fecha que prefiera contact\u00e1ndonos por tel\u00e9fono (+34 932 379 594) o email (mestrecerveser@lacervesera.net).<\/li>\n<li>\u00a1Y listo! Se embarcar\u00e1 en un viaje gastron\u00f3mico \u00fanico en el coraz\u00f3n de Gr\u00e0cia, Barcelona.<\/li>\n<\/ul>\n","protected":false},"featured_media":13898,"template":"","meta":{"_exactmetrics_skip_tracking":false,"_exactmetrics_sitenote_active":false,"_exactmetrics_sitenote_note":"","_exactmetrics_sitenote_category":0,"_monsterinsights_skip_tracking":false,"_monsterinsights_sitenote_active":false,"_monsterinsights_sitenote_note":"","_monsterinsights_sitenote_category":0,"_uf_show_specific_survey":0,"_uf_disable_surveys":false},"product_brand":[],"product_cat":[157],"product_tag":[],"class_list":{"0":"post-13751","1":"product","2":"type-product","3":"status-publish","4":"has-post-thumbnail","6":"product_cat-tarjeta-regalo","8":"first","9":"instock","10":"shipping-taxable","11":"purchasable","12":"product-type-wgm_gift_card"},"aioseo_notices":[],"_links":{"self":[{"href":"https:\/\/lacervesera.net\/es\/wp-json\/wp\/v2\/product\/13751","targetHints":{"allow":["GET"]}}],"collection":[{"href":"https:\/\/lacervesera.net\/es\/wp-json\/wp\/v2\/product"}],"about":[{"href":"https:\/\/lacervesera.net\/es\/wp-json\/wp\/v2\/types\/product"}],"wp:featuredmedia":[{"embeddable":true,"href":"https:\/\/lacervesera.net\/es\/wp-json\/wp\/v2\/media\/13898"}],"wp:attachment":[{"href":"https:\/\/lacervesera.net\/es\/wp-json\/wp\/v2\/media?parent=13751"}],"wp:term":[{"taxonomy":"product_brand","embeddable":true,"href":"https:\/\/lacervesera.net\/es\/wp-json\/wp\/v2\/product_brand?post=13751"},{"taxonomy":"product_cat","embeddable":true,"href":"https:\/\/lacervesera.net\/es\/wp-json\/wp\/v2\/product_cat?post=13751"},{"taxonomy":"product_tag","embeddable":true,"href":"https:\/\/lacervesera.net\/es\/wp-json\/wp\/v2\/product_tag?post=13751"}],"curies":[{"name":"wp","href":"https:\/\/api.w.org\/{rel}","templated":true}]}}