{"id":13569,"date":"2024-12-04T16:12:16","date_gmt":"2024-12-04T15:12:16","guid":{"rendered":"https:\/\/lacervesera.net\/?post_type=product&#038;p=13569"},"modified":"2026-03-05T14:21:23","modified_gmt":"2026-03-05T13:21:23","slug":"maridaje-de-cervezas-con-tapeo","status":"publish","type":"product","link":"https:\/\/lacervesera.net\/es\/producto\/maridaje-de-cervezas-con-tapeo\/","title":{"rendered":"Vale regalo experiencia maridaje"},"content":{"rendered":"","protected":false},"excerpt":{"rendered":"<p>Sorprende con una experiencia \u00fanica que te har\u00e1 redescubrir la cerveza en la mesa, explorando el juego de sabores que se crea al combinarla con platos dise\u00f1ados para resaltar cada uno de sus matices.<\/p>\n<p><span style=\"color: #b3b721;\"><b>Regalar\u00e1s:<\/b><\/span><\/p>\n<ul>\n<li>Una <strong>visita a la f\u00e1brica con nuestro maestro cervecero<\/strong>, para conocer de cerca el proceso de elaboraci\u00f3n de nuestra cerveza artesana.<\/li>\n<li>Una <strong>degustaci\u00f3n de 6 cervezas de elaboraci\u00f3n propia maridadas con 5 platillos<\/strong>, incluyendo un delicioso postre para completar la experiencia.<\/li>\n<\/ul>\n<p><b><span style=\"color: #b3b721;\">Lugar: <\/span><\/b>La Cervesera Artesana (C\/ Sant Agust\u00ed, 14, Gr\u00e0cia, Barcelona).<br \/>\n<b><span style=\"color: #b3b721;\">Horario: <\/span><\/b>viernes y s\u00e1bados a las 19:00h.<br \/>\n<span style=\"color: #b3b721;\"><b>N\u00famero de personas: <\/b><\/span>2-8 personas por turno.<br \/>\n<span style=\"color: #b3b721;\"><b>Duraci\u00f3n: <\/b><\/span>de 120 a 150 minutos.<br \/>\n<b><\/b><\/p>\n<p><span style=\"color: #b3b721;\"><b>F\u00e1cil, flexible y personalizable:<\/b><\/span><\/p>\n<ul>\n<li>El destinatario recibir\u00e1 un vale regalo con un c\u00f3digo \u00fanico.<\/li>\n<li>S\u00f3lo tendr\u00e1 que reservar la fecha que prefiera contact\u00e1ndonos por tel\u00e9fono (+34 932 379 594) o email (mestrecerveser@lacervesera.net).<\/li>\n<li>\u00a1Y listo! Se embarcar\u00e1 en un viaje gastron\u00f3mico \u00fanico en el coraz\u00f3n de Gr\u00e0cia, Barcelona.<\/li>\n<\/ul>\n","protected":false},"featured_media":13973,"template":"","meta":{"_exactmetrics_skip_tracking":false,"_exactmetrics_sitenote_active":false,"_exactmetrics_sitenote_note":"","_exactmetrics_sitenote_category":0,"_monsterinsights_skip_tracking":false,"_monsterinsights_sitenote_active":false,"_monsterinsights_sitenote_note":"","_monsterinsights_sitenote_category":0,"_uf_show_specific_survey":0,"_uf_disable_surveys":false},"product_brand":[],"product_cat":[157],"product_tag":[],"class_list":{"0":"post-13569","1":"product","2":"type-product","3":"status-publish","4":"has-post-thumbnail","6":"product_cat-tarjeta-regalo","8":"first","9":"instock","10":"shipping-taxable","11":"purchasable","12":"product-type-wgm_gift_card"},"aioseo_notices":[],"_links":{"self":[{"href":"https:\/\/lacervesera.net\/es\/wp-json\/wp\/v2\/product\/13569","targetHints":{"allow":["GET"]}}],"collection":[{"href":"https:\/\/lacervesera.net\/es\/wp-json\/wp\/v2\/product"}],"about":[{"href":"https:\/\/lacervesera.net\/es\/wp-json\/wp\/v2\/types\/product"}],"wp:featuredmedia":[{"embeddable":true,"href":"https:\/\/lacervesera.net\/es\/wp-json\/wp\/v2\/media\/13973"}],"wp:attachment":[{"href":"https:\/\/lacervesera.net\/es\/wp-json\/wp\/v2\/media?parent=13569"}],"wp:term":[{"taxonomy":"product_brand","embeddable":true,"href":"https:\/\/lacervesera.net\/es\/wp-json\/wp\/v2\/product_brand?post=13569"},{"taxonomy":"product_cat","embeddable":true,"href":"https:\/\/lacervesera.net\/es\/wp-json\/wp\/v2\/product_cat?post=13569"},{"taxonomy":"product_tag","embeddable":true,"href":"https:\/\/lacervesera.net\/es\/wp-json\/wp\/v2\/product_tag?post=13569"}],"curies":[{"name":"wp","href":"https:\/\/api.w.org\/{rel}","templated":true}]}}